{"id":1185,"date":"2016-09-05T20:07:42","date_gmt":"2016-09-05T20:07:42","guid":{"rendered":"http:\/\/demos.famethemes.com\/screenr\/?page_id=16"},"modified":"2020-04-22T10:28:48","modified_gmt":"2020-04-22T10:28:48","slug":"monitory-prywatyzujace","status":"publish","type":"page","link":"https:\/\/technologia-dotyku.pl\/index.php\/monitory-prywatyzujace\/","title":{"rendered":"Monitory prywatyzuj\u0119ce"},"content":{"rendered":"<p><img loading=\"lazy\" decoding=\"async\" class=\"size-medium wp-image-1291 alignleft\" src=\"http:\/\/nowa.technologia-dotyku.pl\/wp-content\/uploads\/2020\/04\/monitor_prywatyzujacy-300x284.jpg\" alt=\"\" width=\"300\" height=\"284\" srcset=\"https:\/\/technologia-dotyku.pl\/wp-content\/uploads\/2020\/04\/monitor_prywatyzujacy-300x284.jpg 300w, https:\/\/technologia-dotyku.pl\/wp-content\/uploads\/2020\/04\/monitor_prywatyzujacy-768x726.jpg 768w, https:\/\/technologia-dotyku.pl\/wp-content\/uploads\/2020\/04\/monitor_prywatyzujacy.jpg 846w\" sizes=\"auto, (max-width: 300px) 100vw, 300px\" \/>Ochrona danych osobowych jest dzisiaj obowi\u0105zkiem ka\u017cdej organizacji. Wychodz\u0105c na przeciw potrzebom oferujemy monitory prywatyzuj\u0105ce we wszystkich atrakcyjnych rozmiarach.<\/p>\n<p>Monitory prywatyzuj\u0105ce montowane przez nasz\u0105 firm\u0119 maja na sta\u0142e wbudowany filtr ograniczaj\u0105cy k\u0105t widzenia przez zaciemnienie obrazu dla osoby stoj\u0105cej z boku.<\/p>\n","protected":false},"excerpt":{"rendered":"<p>Ochrona danych osobowych jest dzisiaj obowi\u0105zkiem ka\u017cdej organizacji. <\/p>\n","protected":false},"author":1,"featured_media":0,"parent":0,"menu_order":0,"comment_status":"closed","ping_status":"closed","template":"templates\/full-width-page.php","meta":{"footnotes":""},"class_list":["post-1185","page","type-page","status-publish","hentry"],"_links":{"self":[{"href":"https:\/\/technologia-dotyku.pl\/index.php\/wp-json\/wp\/v2\/pages\/1185","targetHints":{"allow":["GET"]}}],"collection":[{"href":"https:\/\/technologia-dotyku.pl\/index.php\/wp-json\/wp\/v2\/pages"}],"about":[{"href":"https:\/\/technologia-dotyku.pl\/index.php\/wp-json\/wp\/v2\/types\/page"}],"author":[{"embeddable":true,"href":"https:\/\/technologia-dotyku.pl\/index.php\/wp-json\/wp\/v2\/users\/1"}],"replies":[{"embeddable":true,"href":"https:\/\/technologia-dotyku.pl\/index.php\/wp-json\/wp\/v2\/comments?post=1185"}],"version-history":[{"count":7,"href":"https:\/\/technologia-dotyku.pl\/index.php\/wp-json\/wp\/v2\/pages\/1185\/revisions"}],"predecessor-version":[{"id":1310,"href":"https:\/\/technologia-dotyku.pl\/index.php\/wp-json\/wp\/v2\/pages\/1185\/revisions\/1310"}],"wp:attachment":[{"href":"https:\/\/technologia-dotyku.pl\/index.php\/wp-json\/wp\/v2\/media?parent=1185"}],"curies":[{"name":"wp","href":"https:\/\/api.w.org\/{rel}","templated":true}]}}