{"id":1184,"date":"2016-09-05T20:01:09","date_gmt":"2016-09-05T20:01:09","guid":{"rendered":"http:\/\/demos.famethemes.com\/screenr\/?page_id=15"},"modified":"2020-04-22T10:32:12","modified_gmt":"2020-04-22T10:32:12","slug":"wynajem","status":"publish","type":"page","link":"https:\/\/technologia-dotyku.pl\/index.php\/wynajem\/","title":{"rendered":"Wynajem"},"content":{"rendered":"<p>Na potrzeby naszych klient\u00f3w stale posiadamy dziesi\u0105tki urz\u0105dze\u0144 przeznaczonych do wynajmu. Na \u017cyczenie klienta skonfigurujemy POS&#8217;a, monitor dotykowy czy te\u017c \u015bcian\u0119 monitor\u00f3w (videowall), tak by Twoja impreza mia\u0142a wyj\u0105tkow\u0105 opraw\u0119 multimedialn\u0105.<\/p>\n","protected":false},"excerpt":{"rendered":"<p>Na potrzeby naszych klient\u00f3w stale posiadamy dziesi\u0105tki urz\u0105dze\u0144 przeznaczonych do wynajmu.<\/p>\n","protected":false},"author":1,"featured_media":0,"parent":0,"menu_order":0,"comment_status":"closed","ping_status":"closed","template":"templates\/full-width-page.php","meta":{"footnotes":""},"class_list":["post-1184","page","type-page","status-publish","hentry"],"_links":{"self":[{"href":"https:\/\/technologia-dotyku.pl\/index.php\/wp-json\/wp\/v2\/pages\/1184","targetHints":{"allow":["GET"]}}],"collection":[{"href":"https:\/\/technologia-dotyku.pl\/index.php\/wp-json\/wp\/v2\/pages"}],"about":[{"href":"https:\/\/technologia-dotyku.pl\/index.php\/wp-json\/wp\/v2\/types\/page"}],"author":[{"embeddable":true,"href":"https:\/\/technologia-dotyku.pl\/index.php\/wp-json\/wp\/v2\/users\/1"}],"replies":[{"embeddable":true,"href":"https:\/\/technologia-dotyku.pl\/index.php\/wp-json\/wp\/v2\/comments?post=1184"}],"version-history":[{"count":3,"href":"https:\/\/technologia-dotyku.pl\/index.php\/wp-json\/wp\/v2\/pages\/1184\/revisions"}],"predecessor-version":[{"id":1284,"href":"https:\/\/technologia-dotyku.pl\/index.php\/wp-json\/wp\/v2\/pages\/1184\/revisions\/1284"}],"wp:attachment":[{"href":"https:\/\/technologia-dotyku.pl\/index.php\/wp-json\/wp\/v2\/media?parent=1184"}],"curies":[{"name":"wp","href":"https:\/\/api.w.org\/{rel}","templated":true}]}}