{"id":1183,"date":"2016-09-05T20:00:36","date_gmt":"2016-09-05T20:00:36","guid":{"rendered":"http:\/\/demos.famethemes.com\/screenr\/?page_id=14"},"modified":"2020-04-23T08:44:11","modified_gmt":"2020-04-23T08:44:11","slug":"serwis-monitorow-dotykowych","status":"publish","type":"page","link":"https:\/\/technologia-dotyku.pl\/index.php\/serwis-monitorow-dotykowych\/","title":{"rendered":"Serwis"},"content":{"rendered":"<p><img loading=\"lazy\" decoding=\"async\" class=\"alignleft wp-image-1331\" src=\"http:\/\/nowa.technologia-dotyku.pl\/wp-content\/uploads\/2020\/04\/serwis-monitorow-dotykowych-300x200.jpg\" alt=\"Serwis monitor\u00f3w dotykowych\" width=\"450\" height=\"300\" srcset=\"https:\/\/technologia-dotyku.pl\/wp-content\/uploads\/2020\/04\/serwis-monitorow-dotykowych-300x200.jpg 300w, https:\/\/technologia-dotyku.pl\/wp-content\/uploads\/2020\/04\/serwis-monitorow-dotykowych-1024x683.jpg 1024w, https:\/\/technologia-dotyku.pl\/wp-content\/uploads\/2020\/04\/serwis-monitorow-dotykowych-768x512.jpg 768w, https:\/\/technologia-dotyku.pl\/wp-content\/uploads\/2020\/04\/serwis-monitorow-dotykowych-1536x1024.jpg 1536w, https:\/\/technologia-dotyku.pl\/wp-content\/uploads\/2020\/04\/serwis-monitorow-dotykowych.jpg 1920w\" sizes=\"auto, (max-width: 450px) 100vw, 450px\" \/><\/p>\n<p>Tw\u00f3j punkt kasowy ma problemy bo terminal POS jest uszkodzony, linia produkcyjna ma przest\u00f3j bo sterownik nie dzia\u0142a, kto\u015b rozbi\u0142 kiosk informacyjny przed urz\u0119dem?<\/p>\n<p>Nie jeste\u015b sam z tym problemem, nasz serwis jest wyspecjalizowany w usuwaniu tych problem\u00f3w. Mamy do\u015bwiadczenie i cz\u0119\u015bci zamienne do wszystkich istniej\u0105cych technologii dotyku: rezystancyjnej, SAW, IR, pojemno\u015bciowej, optycznej. Naprawiamy pulpity sterownicze i sterowniki PLC takich firm jak Simtech, ELO, 3M.<\/p>\n","protected":false},"excerpt":{"rendered":"<p>Tw\u00f3j punkt kasowy ma problemy bo terminal POS jest uszkodzony, linia produkcyjna ma przest\u00f3j bo sterownik nie dzia\u0142a, kto\u015b rozbi\u0142 kiosk informacyjny przed urz\u0119dem?<\/p>\n","protected":false},"author":1,"featured_media":0,"parent":0,"menu_order":0,"comment_status":"closed","ping_status":"closed","template":"templates\/full-width-page.php","meta":{"footnotes":""},"class_list":["post-1183","page","type-page","status-publish","hentry"],"_links":{"self":[{"href":"https:\/\/technologia-dotyku.pl\/index.php\/wp-json\/wp\/v2\/pages\/1183","targetHints":{"allow":["GET"]}}],"collection":[{"href":"https:\/\/technologia-dotyku.pl\/index.php\/wp-json\/wp\/v2\/pages"}],"about":[{"href":"https:\/\/technologia-dotyku.pl\/index.php\/wp-json\/wp\/v2\/types\/page"}],"author":[{"embeddable":true,"href":"https:\/\/technologia-dotyku.pl\/index.php\/wp-json\/wp\/v2\/users\/1"}],"replies":[{"embeddable":true,"href":"https:\/\/technologia-dotyku.pl\/index.php\/wp-json\/wp\/v2\/comments?post=1183"}],"version-history":[{"count":9,"href":"https:\/\/technologia-dotyku.pl\/index.php\/wp-json\/wp\/v2\/pages\/1183\/revisions"}],"predecessor-version":[{"id":1333,"href":"https:\/\/technologia-dotyku.pl\/index.php\/wp-json\/wp\/v2\/pages\/1183\/revisions\/1333"}],"wp:attachment":[{"href":"https:\/\/technologia-dotyku.pl\/index.php\/wp-json\/wp\/v2\/media?parent=1183"}],"curies":[{"name":"wp","href":"https:\/\/api.w.org\/{rel}","templated":true}]}}